{"id":184,"date":"2012-01-01T14:29:23","date_gmt":"2012-01-01T12:29:23","guid":{"rendered":"http:\/\/www.christophjarosch.de\/?page_id=184"},"modified":"2015-11-15T19:59:12","modified_gmt":"2015-11-15T17:59:12","slug":"jungenarbeit","status":"publish","type":"page","link":"https:\/\/www.christophjarosch.de\/?page_id=184","title":{"rendered":"AK Jungenarbeit &#8211; &#8222;Wilde Kerle&#8220;"},"content":{"rendered":"<p><a href=\"http:\/\/www.christophjarosch.de\/wordpress\/wp-content\/uploads\/2012\/01\/Kerl.png\"><img loading=\"lazy\" decoding=\"async\" class=\" wp-image-235 alignleft\" src=\"http:\/\/www.christophjarosch.de\/wordpress\/wp-content\/uploads\/2012\/01\/Kerl.png\" alt=\"Kerl\" width=\"95\" height=\"114\" \/><\/a><span style=\"color: #99cc00;\"><strong>WILDE KERLE<\/strong><\/span> ist der Jungenarbeits\u00adkreis im Landkreis Bernkastel-Wittlich und existiert seit August 2008. Der Arbeitskreis entstand aus der Initiative verschiedener Akteure im Jugendhilfebereich. Ausgangs\u00adlage unserer Initiative war die fehlende Angebotspalette jungenspezifischer Veranstaltungen. Zudem existierte bis dahin keine regionale Anlaufstelle f\u00fcr den Kreis Bernkastel-Wittlich, wo es konkrete Unterst\u00fctzung und M\u00f6glichkeiten gab, zum Thema Jungenarbeit Informationen und einen aktuellen p\u00e4dagogischen Wissensstand abzufragen.<\/p>\n<p><strong><span style=\"color: #99cc00;\">Ziele:<\/span><br \/>\n<\/strong>Jungenarbeit auf Grundlage des \u00a7 9 Abs. 3 SGB VIII<\/p>\n<ul>\n<li>Bewusstsein f\u00fcr die Notwendigkeit jungenspezifischer Angebote schaffen und hierf\u00fcr Ansprechpartner sein<\/li>\n<li>Multiplikatoren f\u00fcr Fachkr\u00e4fte sein<\/li>\n<li>Fortbildungen organisieren\/Referenten vermitteln<\/li>\n<li>Koordination von jungenspezifischen Angeboten in der Region \u2013 Vernetzungen schaffen<\/li>\n<li>Materialpool (z. B. Literaturlisten) und Ideen bieten<\/li>\n<li>Aktuelles p\u00e4dagogisches Wissen weitergeben<\/li>\n<\/ul>\n<p><span style=\"color: #99cc00;\"><strong>Zielgruppe:<\/strong><\/span><br \/>\nEntscheidungstr\u00e4ger in der Jugendhilfe, Fachkr\u00e4fte in der Jugendarbeit, Jugendhilfe, Schule und KiTa sowie Einrichtungen der Jugendarbeit und Jugendhilfe.<\/p>\n<p><span style=\"color: #99cc00;\"><strong>Arbeitskreismitglieder:<\/strong><\/span><br \/>\nKreisjugendpfleger des Landkreises Bernkastel-Wittlich, Caritasverband Wittlich (Kompetenzagentur Bernkastel-Wittlich), Stadtteilb\u00fcro\/Ju\u00adgendraum Bombogen, Palais e. V. Trier (Schulsozialarbeit), P\u00e4dagogisches Landesinstitut, Diakonie (Ev. Jugendhilfeverbund Mittelmosel\/Tra\u00adben-Trarbach\/Vel\u00addenz), Rheinische Gesellschaft f\u00fcr Innere Mission und Hilfswerk GmbH, Psychologisches Institut Traben-Trarbach, Zentrum lebenslanges Lernen.<\/p>\n<p>&nbsp;<\/p>\n<p><a href=\"http:\/\/www.christophjarosch.de\/wordpress\/wp-content\/uploads\/2012\/01\/Eva.png\"><img loading=\"lazy\" decoding=\"async\" class=\"alignleft wp-image-236\" src=\"http:\/\/www.christophjarosch.de\/wordpress\/wp-content\/uploads\/2012\/01\/Eva.png\" alt=\"Eva\" width=\"88\" height=\"115\" \/><\/a><span style=\"color: #3366ff;\"><strong>EVA LUNA<\/strong><\/span> ist ein m\u00e4dchenspezifischer Arbeitskreis, der sich die F\u00f6rderung und Sicherung der M\u00e4dchenarbeit im Kreis Bernkastel-Wittlich zum Ziel gesetzt hat. Mitarbeiterinnen von Organisationen und Institutionen treffen sich regelm\u00e4\u00dfig, um bestehende m\u00e4dchen- und frauenspezifische Projekte zu sichern und neue Ans\u00e4tze zu f\u00f6rdern. Der Arbeitskreis verfolgt dabei die Richtung der parteiischen, emanzipatorischen M\u00e4dchenarbeit.<\/p>\n<p><span style=\"color: #3366ff;\"><strong>Ziele:<br \/>\n<\/strong><\/span>Die Umsetzung der Gleichberechtigung von M\u00e4dchen im Sinne des \u00a7 9 Abs.1 SGB VIII.<\/p>\n<ul>\n<li>Ber\u00fccksichtigung der unterschiedlichen Lebenslagen von M\u00e4dchen und Jungen, um Benachteiligungen abzubauen und die Gleichberechtigung von M\u00e4dchen zu f\u00f6rdern.<\/li>\n<li>Unterst\u00fctzung der M\u00e4dchen bei der Entwicklung ihrer Pers\u00f6nlichkeit und eigenen Identit\u00e4t, sowie bei der selbstbestimmten, eigenverantwortlichen Lebensplanung und Lebensgestaltung.<\/li>\n<li>Gew\u00e4hrleistung der seelischen und k\u00f6rperlichen Unversehrtheit und Parteinahme bei \u00dcbergriffen.<\/li>\n<li>Neubewertung und Aufwertung weiblicher Eigenschaften und Kompetenzen, unabh\u00e4ngig von m\u00e4nnlichen Definitionen.<\/li>\n<li>Lobbyarbeit und politische Arbeit f\u00fcr M\u00e4dchen.<\/li>\n<\/ul>\n<p><span style=\"color: #3366ff;\"><strong>Zielgruppe:<\/strong><\/span><br \/>\nM\u00e4dchen und junge Frauen, Migrantinnen, Aussiedlerinnen und M\u00e4dchen verschiedener ethnischer und religi\u00f6ser Zugeh\u00f6rigkeit, Fachkr\u00e4fte, politische Gremien, \u00d6ffentlichkeit.<\/p>\n<p><span style=\"color: #3366ff;\"><strong>Arbeitskreismitglieder:<\/strong><\/span><br \/>\nGleichstellungsbeauftragte f\u00fcr den Landkreis Bernka\u00adstel-Wittlich, Kreisjugendamt Bernkastel-Wittlich, Caritas\u00adverband Wittlich (Schwangerenberatung), Diako\u00adnisches Werk Wittlich und Thalfang (Schwangerenberatung), Jugendraum Bombogen.<\/p>\n","protected":false},"excerpt":{"rendered":"<p>WILDE KERLE ist der Jungenarbeits\u00adkreis im Landkreis Bernkastel-Wittlich und existiert seit August 2008. Der Arbeitskreis entstand aus der Initiative verschiedener Akteure im Jugendhilfebereich. Ausgangs\u00adlage unserer Initiative war die fehlende Angebotspalette jungenspezifischer Veranstaltungen. Zudem existierte bis dahin keine regionale Anlaufstelle f\u00fcr den Kreis Bernkastel-Wittlich, wo es konkrete Unterst\u00fctzung und M\u00f6glichkeiten gab, zum Thema Jungenarbeit Informationen und &hellip; <a href=\"https:\/\/www.christophjarosch.de\/?page_id=184\" class=\"more-link\"><span class=\"screen-reader-text\">AK Jungenarbeit &#8211; &#8222;Wilde Kerle&#8220;<\/span> weiterlesen <span class=\"meta-nav\">&rarr;<\/span><\/a><\/p>\n","protected":false},"author":1,"featured_media":0,"parent":0,"menu_order":0,"comment_status":"closed","ping_status":"closed","template":"","meta":{"ngg_post_thumbnail":0,"footnotes":""},"class_list":["post-184","page","type-page","status-publish","hentry"],"_links":{"self":[{"href":"https:\/\/www.christophjarosch.de\/index.php?rest_route=\/wp\/v2\/pages\/184","targetHints":{"allow":["GET"]}}],"collection":[{"href":"https:\/\/www.christophjarosch.de\/index.php?rest_route=\/wp\/v2\/pages"}],"about":[{"href":"https:\/\/www.christophjarosch.de\/index.php?rest_route=\/wp\/v2\/types\/page"}],"author":[{"embeddable":true,"href":"https:\/\/www.christophjarosch.de\/index.php?rest_route=\/wp\/v2\/users\/1"}],"replies":[{"embeddable":true,"href":"https:\/\/www.christophjarosch.de\/index.php?rest_route=%2Fwp%2Fv2%2Fcomments&post=184"}],"version-history":[{"count":9,"href":"https:\/\/www.christophjarosch.de\/index.php?rest_route=\/wp\/v2\/pages\/184\/revisions"}],"predecessor-version":[{"id":187,"href":"https:\/\/www.christophjarosch.de\/index.php?rest_route=\/wp\/v2\/pages\/184\/revisions\/187"}],"wp:attachment":[{"href":"https:\/\/www.christophjarosch.de\/index.php?rest_route=%2Fwp%2Fv2%2Fmedia&parent=184"}],"curies":[{"name":"wp","href":"https:\/\/api.w.org\/{rel}","templated":true}]}}