{"id":193,"date":"2011-04-15T15:18:39","date_gmt":"2011-04-15T13:18:39","guid":{"rendered":"http:\/\/www.christophjarosch.de\/?page_id=193"},"modified":"2019-01-30T23:01:45","modified_gmt":"2019-01-30T21:01:45","slug":"filmprojekt-gran-torino","status":"publish","type":"page","link":"https:\/\/www.christophjarosch.de\/?page_id=193","title":{"rendered":"Filmprojekt &#8211; &#8222;Gran Torino&#8220;"},"content":{"rendered":"<h1>Filmprojekt \u201cGran Torino\u201d<\/h1>\n<p><strong>Echte Kerle?<\/strong><strong><br \/>\n<strong>&#8211; Gibt\u2019s nicht nur im Kino! &#8211;<\/strong><\/strong><\/p>\n<p>Der Arbeitskreis \u201cWilde Kerle\u201d hat eine Konzeption f\u00fcr ein jungenp\u00e4dagogisches Projekt zum Film <strong>\u201cGran Torino\u201d<\/strong> von Clint Eastwood entwickelt und bietet an, dies f\u00fcr Gruppen von Multiplikatoren in Form eines Weiterbildungsworkshops\u00a0zur Verwendung als\u00a0Unterrichtseinheit in der Schule oder\u00a0als Workshop in der Jungenarbeit weiterzugeben.<\/p>\n<p>Mit der Zielgruppe der teilnehmenden Jungs oder jungen M\u00e4nnern, soll sich\u00a0 inhaltlich mit dem Thema \u201cJunge sein \u2013 Mann werden\u201d etwas genauer auseinander gesetzt werden. Das Konzept richtet sich an Jungen ab dem Alter von 12 Jahren oder \u00e4lter. Der Zeitrahmen f\u00fcr die Durchf\u00fchrung liegt bei etwa 3 Stunden, kann aber mit dem verf\u00fcgbaren Konzept auch in Form eines Thementages\u00a0ganzt\u00e4gig angeboten werden.<\/p>\n<p>Wir m\u00f6chten mit diesem sehenswerten Film dazu anregen, sich inhaltlich mit dem Thema \u201c\u2019Junge sein \u2013 Mann werden\u2019 und den unterschiedlichen Rollenwahrnehmungen bei Jungen und M\u00e4dchen\u201d auseinanderzusetzen:<\/p>\n<p>\u201eGran Torino ist eine stille, wehm\u00fctige, aber auch komplexe Ballade, die Regisseur Clint Eastwood mit seiner archetypischen Figur adelt, indem er fast beil\u00e4ufig-melancholisch Bezug auf seine erbarmungslosen Dirty-Harry-Filme nimmt. Um Rassismus geht es und um die verheerenden Auswirkungen blinder Gewalt, deren Saat bereits im Vorgarten aufgeht. Einmal mehr zeigt der gro\u00dfe weise Mann, dass er bereit ist, mit jedem Film dazuzulernen. Eine wunderbar pers\u00f6nliche Arbeit von h\u00f6chster Dringlichkeit.\u201c <em>(Kronen-Zeitung, 6. M\u00e4rz 2009: <a href=\"http:\/\/www.krone.at\/krone\/S49\/object_id__135759\/hxcms\/index.html\">Gran Torino.<\/a> In: Kino. Mediaprint, abgerufen am 8. M\u00e4rz 2009).<\/em><\/p>\n<p>Hier geht\u2019s zum <a href=\"http:\/\/www.christophjarosch.de\/?attachment_id=381\">Handout Gran Torino<\/a><\/p>\n","protected":false},"excerpt":{"rendered":"<p>Filmprojekt \u201cGran Torino\u201d Echte Kerle? &#8211; Gibt\u2019s nicht nur im Kino! &#8211; Der Arbeitskreis \u201cWilde Kerle\u201d hat eine Konzeption f\u00fcr ein jungenp\u00e4dagogisches Projekt zum Film \u201cGran Torino\u201d von Clint Eastwood entwickelt und bietet an, dies f\u00fcr Gruppen von Multiplikatoren in Form eines Weiterbildungsworkshops\u00a0zur Verwendung als\u00a0Unterrichtseinheit in der Schule oder\u00a0als Workshop in der Jungenarbeit weiterzugeben. Mit &hellip; <a href=\"https:\/\/www.christophjarosch.de\/?page_id=193\" class=\"more-link\"><span class=\"screen-reader-text\">Filmprojekt &#8211; &#8222;Gran Torino&#8220;<\/span> weiterlesen <span class=\"meta-nav\">&rarr;<\/span><\/a><\/p>\n","protected":false},"author":2,"featured_media":0,"parent":238,"menu_order":1,"comment_status":"closed","ping_status":"closed","template":"","meta":{"ngg_post_thumbnail":0,"footnotes":""},"class_list":["post-193","page","type-page","status-publish","hentry"],"_links":{"self":[{"href":"https:\/\/www.christophjarosch.de\/index.php?rest_route=\/wp\/v2\/pages\/193","targetHints":{"allow":["GET"]}}],"collection":[{"href":"https:\/\/www.christophjarosch.de\/index.php?rest_route=\/wp\/v2\/pages"}],"about":[{"href":"https:\/\/www.christophjarosch.de\/index.php?rest_route=\/wp\/v2\/types\/page"}],"author":[{"embeddable":true,"href":"https:\/\/www.christophjarosch.de\/index.php?rest_route=\/wp\/v2\/users\/2"}],"replies":[{"embeddable":true,"href":"https:\/\/www.christophjarosch.de\/index.php?rest_route=%2Fwp%2Fv2%2Fcomments&post=193"}],"version-history":[{"count":2,"href":"https:\/\/www.christophjarosch.de\/index.php?rest_route=\/wp\/v2\/pages\/193\/revisions"}],"predecessor-version":[{"id":385,"href":"https:\/\/www.christophjarosch.de\/index.php?rest_route=\/wp\/v2\/pages\/193\/revisions\/385"}],"up":[{"embeddable":true,"href":"https:\/\/www.christophjarosch.de\/index.php?rest_route=\/wp\/v2\/pages\/238"}],"wp:attachment":[{"href":"https:\/\/www.christophjarosch.de\/index.php?rest_route=%2Fwp%2Fv2%2Fmedia&parent=193"}],"curies":[{"name":"wp","href":"https:\/\/api.w.org\/{rel}","templated":true}]}}