{"id":195,"date":"2012-10-22T15:35:21","date_gmt":"2012-10-22T13:35:21","guid":{"rendered":"http:\/\/www.christophjarosch.de\/?page_id=195"},"modified":"2019-01-30T23:11:15","modified_gmt":"2019-01-30T21:11:15","slug":"das-variablenmodell-reinhard-winter","status":"publish","type":"page","link":"https:\/\/www.christophjarosch.de\/?page_id=195","title":{"rendered":"&#8222;Das Variablenmodell&#8220; &#8211; Balanciertes Junge und Mann-Sein in der Moderne"},"content":{"rendered":"<h2>&#8222;Das Variablenmodell&#8220; von Reinhard Winter<\/h2>\n<p>Reinhard Winter ist eine Experte auf dem Gebiet der Sozial- und Geschlechterforschung, mit den Arbeitsschwerpunkten: Jungen, M\u00e4nner, Jungenarbeit und Gesundheit. Er ist Mitbegr\u00fcnder des Sozialwissenschaftlichen Institutes T\u00fcbingen mit den Schwerpunkten Sozialforschung, Organisationsberatung, Konzeptent\u00adwicklung und Qualifizierung. <a href=\"http:\/\/www.sowit.de\"><strong>www.sowit.de<\/strong><\/a><\/p>\n<p>Wer mit Jungen geschlechtsbezogen arbeitet, braucht (auch) Vorstellungen davon, wie das M\u00e4nnliche positiv aussieht, wie es gelingt. \u201eIm Variablenmodell \u2019Balanciertes Junge- und Mannsein geht es darum, diejenigen Seiten und Dimensionen in den Blick zu bekommen, die das Gesunde, das Gute, das Gelingende beim Junge- und Mannsein hervorheben.\u201c (Reinhard Winter).<\/p>\n<p>Sie werden in diesem Seminarworkshop die Grundlagen von Reinhard Winters Variablenmodell f\u00fcr Ihre praktische Arbeit kennenlernen. Der Seminartag beginnt mit einem kleinen theoretischen Ausflug ins M\u00e4nnliche und in die sogenannten \u201eAspekte\u201c des Modells. Sie werden sich mit Kompetenzen und m\u00e4nnlichen Potentialen besch\u00e4ftigen und herausfinden, wie dies in Ihrer Arbeit oder sogar Ihrer Institution von Nutzen sein kann.<\/p>\n<p>\u201eIn der Anwendung \u00f6ffnet das Modell neue Horizonte der Wahrnehmung von Jungen und M\u00e4nnern sowie neue Ans\u00e4tze f\u00fcr die praktische Arbeit mit ihnen (Winter\/Neubauer: Dies und Das! T\u00fcbingen 2001).\u201c<\/p>\n","protected":false},"excerpt":{"rendered":"<p>&#8222;Das Variablenmodell&#8220; von Reinhard Winter Reinhard Winter ist eine Experte auf dem Gebiet der Sozial- und Geschlechterforschung, mit den Arbeitsschwerpunkten: Jungen, M\u00e4nner, Jungenarbeit und Gesundheit. Er ist Mitbegr\u00fcnder des Sozialwissenschaftlichen Institutes T\u00fcbingen mit den Schwerpunkten Sozialforschung, Organisationsberatung, Konzeptent\u00adwicklung und Qualifizierung. www.sowit.de Wer mit Jungen geschlechtsbezogen arbeitet, braucht (auch) Vorstellungen davon, wie das M\u00e4nnliche positiv aussieht, &hellip; <a href=\"https:\/\/www.christophjarosch.de\/?page_id=195\" class=\"more-link\"><span class=\"screen-reader-text\">&#8222;Das Variablenmodell&#8220; &#8211; Balanciertes Junge und Mann-Sein in der Moderne<\/span> weiterlesen <span class=\"meta-nav\">&rarr;<\/span><\/a><\/p>\n","protected":false},"author":2,"featured_media":0,"parent":238,"menu_order":0,"comment_status":"closed","ping_status":"closed","template":"","meta":{"ngg_post_thumbnail":0,"footnotes":""},"class_list":["post-195","page","type-page","status-publish","hentry"],"_links":{"self":[{"href":"https:\/\/www.christophjarosch.de\/index.php?rest_route=\/wp\/v2\/pages\/195","targetHints":{"allow":["GET"]}}],"collection":[{"href":"https:\/\/www.christophjarosch.de\/index.php?rest_route=\/wp\/v2\/pages"}],"about":[{"href":"https:\/\/www.christophjarosch.de\/index.php?rest_route=\/wp\/v2\/types\/page"}],"author":[{"embeddable":true,"href":"https:\/\/www.christophjarosch.de\/index.php?rest_route=\/wp\/v2\/users\/2"}],"replies":[{"embeddable":true,"href":"https:\/\/www.christophjarosch.de\/index.php?rest_route=%2Fwp%2Fv2%2Fcomments&post=195"}],"version-history":[{"count":5,"href":"https:\/\/www.christophjarosch.de\/index.php?rest_route=\/wp\/v2\/pages\/195\/revisions"}],"predecessor-version":[{"id":389,"href":"https:\/\/www.christophjarosch.de\/index.php?rest_route=\/wp\/v2\/pages\/195\/revisions\/389"}],"up":[{"embeddable":true,"href":"https:\/\/www.christophjarosch.de\/index.php?rest_route=\/wp\/v2\/pages\/238"}],"wp:attachment":[{"href":"https:\/\/www.christophjarosch.de\/index.php?rest_route=%2Fwp%2Fv2%2Fmedia&parent=195"}],"curies":[{"name":"wp","href":"https:\/\/api.w.org\/{rel}","templated":true}]}}