{"id":221,"date":"2012-03-12T18:00:51","date_gmt":"2012-03-12T16:00:51","guid":{"rendered":"http:\/\/www.christophjarosch.de\/?page_id=221"},"modified":"2015-11-15T18:02:57","modified_gmt":"2015-11-15T16:02:57","slug":"echte-kerle-gibts-nicht-nur-im-kino","status":"publish","type":"page","link":"https:\/\/www.christophjarosch.de\/?page_id=221","title":{"rendered":"\u201eEchte Kerle \u2013 gibt\u2019s nicht nur im Kino!\u201c"},"content":{"rendered":"<h4>Filmnachmittag f\u00fcr Jugendliche ab 14<br \/>\nam 11. Juni 2012<\/h4>\n<p><strong>\u201eEchte Kerle \u2013 gibt\u2019s nicht nur im Kino!\u201c &#8211;\u00a0 \u201eGran Torino\u201c<\/strong><br \/>\n<strong>Ein Spielfilm von Clint Eastwood mit anschlie\u00dfender Diskussion<\/strong><\/p>\n<p>Referent\/-in:<br \/>\nDipl.-Psych. Anja Wallerius<br \/>\nDipl.-P\u00e4d. Christoph Jarosch<br \/>\nDipl.-P\u00e4d. Ernst Daniel R\u00f6hrig<\/p>\n<p>Ort: Moselkino in Bernkastel<br \/>\nZeit: ab 16:30 Uhr<br \/>\nKosten: Eintritt frei!<br \/>\nAnmeldung: keine<\/p>\n<p>Wir m\u00f6chten mit diesem sehenswerten Film dazu<br \/>\nanregen, sich inhaltlich mit dem Thema \u201c\u2019Junge sein &#8211;<br \/>\nMann werden\u2019 und den unterschiedlichen Rollenwahrnehmungen<br \/>\nbei Jungen und M\u00e4dchen\u201d auseinanderzusetzen:<br \/>\n\u201eGran Torino ist eine stille, wehm\u00fctige, aber auch<br \/>\nkomplexe Ballade, die Regisseur Clint Eastwood<br \/>\nmit seiner archetypischen Figur adelt, indem er<br \/>\nfast beil\u00e4ufig-melancholisch Bezug auf seine erbarmungslosen<br \/>\nDirty-Harry-Filme nimmt.<br \/>\nUm Rassismus geht es und um die verheerenden<br \/>\nAuswirkungen blinder Gewalt, deren Saat bereits<br \/>\nim Vorgarten aufgeht. Einmal mehr zeigt der gro\u00dfe<br \/>\nweise Mann, dass er bereit ist, mit jedem Film<br \/>\ndazuzulernen. Eine wunderbar pers\u00f6nliche Arbeit<br \/>\nvon h\u00f6chster Dringlichkeit.\u201c (Kronen-Zeitung, 6. M\u00e4rz<br \/>\n2009: Gran Torino. In: Kino. Mediaprint, abgerufen am 8.<br \/>\nM\u00e4rz 2009).<br \/>\nIn der Pause laden die Referenten ein, einzelne Aspekte<br \/>\ndes Films zum Thema gemeinsam zu diskutieren.<br \/>\nDie Veranstaltung richtet sich an Jungen und<br \/>\nM\u00e4dchen ab 14 Jahren.<\/p>\n","protected":false},"excerpt":{"rendered":"<p>Filmnachmittag f\u00fcr Jugendliche ab 14 am 11. Juni 2012 \u201eEchte Kerle \u2013 gibt\u2019s nicht nur im Kino!\u201c &#8211;\u00a0 \u201eGran Torino\u201c Ein Spielfilm von Clint Eastwood mit anschlie\u00dfender Diskussion Referent\/-in: Dipl.-Psych. Anja Wallerius Dipl.-P\u00e4d. Christoph Jarosch Dipl.-P\u00e4d. Ernst Daniel R\u00f6hrig Ort: Moselkino in Bernkastel Zeit: ab 16:30 Uhr Kosten: Eintritt frei! Anmeldung: keine Wir m\u00f6chten mit &hellip; <a href=\"https:\/\/www.christophjarosch.de\/?page_id=221\" class=\"more-link\"><span class=\"screen-reader-text\">\u201eEchte Kerle \u2013 gibt\u2019s nicht nur im Kino!\u201c<\/span> weiterlesen <span class=\"meta-nav\">&rarr;<\/span><\/a><\/p>\n","protected":false},"author":2,"featured_media":0,"parent":205,"menu_order":2,"comment_status":"closed","ping_status":"closed","template":"","meta":{"ngg_post_thumbnail":0,"footnotes":""},"class_list":["post-221","page","type-page","status-publish","hentry"],"_links":{"self":[{"href":"https:\/\/www.christophjarosch.de\/index.php?rest_route=\/wp\/v2\/pages\/221","targetHints":{"allow":["GET"]}}],"collection":[{"href":"https:\/\/www.christophjarosch.de\/index.php?rest_route=\/wp\/v2\/pages"}],"about":[{"href":"https:\/\/www.christophjarosch.de\/index.php?rest_route=\/wp\/v2\/types\/page"}],"author":[{"embeddable":true,"href":"https:\/\/www.christophjarosch.de\/index.php?rest_route=\/wp\/v2\/users\/2"}],"replies":[{"embeddable":true,"href":"https:\/\/www.christophjarosch.de\/index.php?rest_route=%2Fwp%2Fv2%2Fcomments&post=221"}],"version-history":[{"count":1,"href":"https:\/\/www.christophjarosch.de\/index.php?rest_route=\/wp\/v2\/pages\/221\/revisions"}],"predecessor-version":[{"id":222,"href":"https:\/\/www.christophjarosch.de\/index.php?rest_route=\/wp\/v2\/pages\/221\/revisions\/222"}],"up":[{"embeddable":true,"href":"https:\/\/www.christophjarosch.de\/index.php?rest_route=\/wp\/v2\/pages\/205"}],"wp:attachment":[{"href":"https:\/\/www.christophjarosch.de\/index.php?rest_route=%2Fwp%2Fv2%2Fmedia&parent=221"}],"curies":[{"name":"wp","href":"https:\/\/api.w.org\/{rel}","templated":true}]}}