{"id":223,"date":"2012-03-12T18:05:08","date_gmt":"2012-03-12T16:05:08","guid":{"rendered":"http:\/\/www.christophjarosch.de\/?page_id=223"},"modified":"2015-11-15T18:06:48","modified_gmt":"2015-11-15T16:06:48","slug":"das-variablenmodell","status":"publish","type":"page","link":"https:\/\/www.christophjarosch.de\/?page_id=223","title":{"rendered":"&#8222;Das Variablenmodell&#8220;"},"content":{"rendered":"<h4>Seminarworkshop am 23. Oktober 2012<\/h4>\n<p><strong>\u201eDas Variablenmodell\u201c<\/strong><br \/>\n<strong>Balanciertes Junge- und Mannsein in der Moderne<\/strong><\/p>\n<p>Referent:<br \/>\nReinhard Winter<br \/>\nSozialwissenschaftliches Institut T\u00fcbingen (SOWIT)<\/p>\n<p>Reinhard Winter ist eine Experte auf dem Gebiet der<br \/>\nSozial- und Geschlechterforschung, mit den Arbeitsschwerpunkten:<br \/>\nJungen, M\u00e4nner, Jungenarbeit und<br \/>\nGesundheit. Er ist Mitbegr\u00fcnder des Sozialwissenschaftlichen<br \/>\nInstitutes T\u00fcbingen mit den Schwerpunkten<br \/>\nSozialforschung, Organisationsberatung, Konzeptentwicklung<br \/>\nund Qualifizierung. www.sowit.de<\/p>\n<p>Ort: Jugendraum Bombogen<br \/>\nBerlinger Str. 7<br \/>\n54516 Wittlich<br \/>\nZeit: 9:00 \u2013 17:00 Uhr<br \/>\nKosten: 50.- \u20ac (inkl. Mittagsimbiss)<br \/>\nTeilnehmerzahl: max. 20<br \/>\nAnmeldeschluss: 17. September 2012<\/p>\n<p>Im Rahmen der Lehrer\/-innen Fort- und Weiterbildung<br \/>\nerhalten Sie f\u00fcr die Teilnahme am Seminar<br \/>\neine Bescheinigung mit TIS-Nummer des P\u00e4dagogischen<br \/>\nLandesinstitutes Rheinland-Pfalz.<br \/>\nWer mit Jungen geschlechtsbezogen arbeitet, braucht<br \/>\n(auch) Vorstellungen davon, wie das M\u00e4nnliche positiv<br \/>\naussieht, wie es gelingt. \u201eIm Variablenmodell \u2019Balanciertes<br \/>\nJunge- und Mannsein geht es darum, diejenigen<br \/>\nSeiten und Dimensionen in den Blick zu bekommen,<br \/>\ndie das Gesunde, das Gute, das Gelingende<br \/>\nbeim Junge- und Mannsein hervorheben.\u201c (Reinhard<br \/>\nWinter).<br \/>\nSie werden in diesem Seminarworkshop die Grundlagen<br \/>\nvon Reinhard Winters Variablenmodell f\u00fcr Ihre<br \/>\npraktische Arbeit kennenlernen. Der Seminartag beginnt<br \/>\nmit einem kleinen theoretischen Ausflug ins<br \/>\nM\u00e4nnliche und in die sogenannten \u201eAspekte\u201c des Modells.<br \/>\nSie werden sich mit Kompetenzen und m\u00e4nnlichen<br \/>\nPotentialen besch\u00e4ftigen und herausfinden, wie<br \/>\ndies in Ihrer Arbeit oder sogar Ihrer Institution von<br \/>\nNutzen sein kann.<br \/>\n\u201eIn der Anwendung \u00f6ffnet das Modell neue Horizonte<br \/>\nder Wahrnehmung von Jungen und M\u00e4nnern sowie<br \/>\nneue Ans\u00e4tze f\u00fcr die praktische Arbeit mit ihnen (Winter\/<br \/>\nNeubauer: Dies und Das! T\u00fcbingen 2001).\u201c<\/p>\n","protected":false},"excerpt":{"rendered":"<p>Seminarworkshop am 23. Oktober 2012 \u201eDas Variablenmodell\u201c Balanciertes Junge- und Mannsein in der Moderne Referent: Reinhard Winter Sozialwissenschaftliches Institut T\u00fcbingen (SOWIT) Reinhard Winter ist eine Experte auf dem Gebiet der Sozial- und Geschlechterforschung, mit den Arbeitsschwerpunkten: Jungen, M\u00e4nner, Jungenarbeit und Gesundheit. Er ist Mitbegr\u00fcnder des Sozialwissenschaftlichen Institutes T\u00fcbingen mit den Schwerpunkten Sozialforschung, Organisationsberatung, Konzeptentwicklung und &hellip; <a href=\"https:\/\/www.christophjarosch.de\/?page_id=223\" class=\"more-link\"><span class=\"screen-reader-text\">&#8222;Das Variablenmodell&#8220;<\/span> weiterlesen <span class=\"meta-nav\">&rarr;<\/span><\/a><\/p>\n","protected":false},"author":2,"featured_media":0,"parent":205,"menu_order":4,"comment_status":"closed","ping_status":"closed","template":"","meta":{"ngg_post_thumbnail":0,"footnotes":""},"class_list":["post-223","page","type-page","status-publish","hentry"],"_links":{"self":[{"href":"https:\/\/www.christophjarosch.de\/index.php?rest_route=\/wp\/v2\/pages\/223","targetHints":{"allow":["GET"]}}],"collection":[{"href":"https:\/\/www.christophjarosch.de\/index.php?rest_route=\/wp\/v2\/pages"}],"about":[{"href":"https:\/\/www.christophjarosch.de\/index.php?rest_route=\/wp\/v2\/types\/page"}],"author":[{"embeddable":true,"href":"https:\/\/www.christophjarosch.de\/index.php?rest_route=\/wp\/v2\/users\/2"}],"replies":[{"embeddable":true,"href":"https:\/\/www.christophjarosch.de\/index.php?rest_route=%2Fwp%2Fv2%2Fcomments&post=223"}],"version-history":[{"count":1,"href":"https:\/\/www.christophjarosch.de\/index.php?rest_route=\/wp\/v2\/pages\/223\/revisions"}],"predecessor-version":[{"id":224,"href":"https:\/\/www.christophjarosch.de\/index.php?rest_route=\/wp\/v2\/pages\/223\/revisions\/224"}],"up":[{"embeddable":true,"href":"https:\/\/www.christophjarosch.de\/index.php?rest_route=\/wp\/v2\/pages\/205"}],"wp:attachment":[{"href":"https:\/\/www.christophjarosch.de\/index.php?rest_route=%2Fwp%2Fv2%2Fmedia&parent=223"}],"curies":[{"name":"wp","href":"https:\/\/api.w.org\/{rel}","templated":true}]}}