{"id":227,"date":"2012-01-01T18:19:19","date_gmt":"2012-01-01T16:19:19","guid":{"rendered":"http:\/\/www.christophjarosch.de\/?page_id=227"},"modified":"2015-11-15T18:53:05","modified_gmt":"2015-11-15T16:53:05","slug":"wer-wir-sind","status":"publish","type":"page","link":"https:\/\/www.christophjarosch.de\/?page_id=227","title":{"rendered":"Wer wir sind?"},"content":{"rendered":"<p><strong>Kreisverwaltung Bernkastel-Wittlich<br \/>\n<\/strong><\/p>\n<p><strong>Peter Caspers<\/strong><br \/>\nDipl.-P\u00e4dagoge<br \/>\nKreisjugendpfleger<br \/>\n0 65 71\/14-23 89<br \/>\njugend@bernkastel-wittlich.de<\/p>\n<p><strong>Gabriele Kretz<br \/>\n<\/strong>Gleichstellungsbeauftragte im Landkreis Bernkastel-Wittlich<br \/>\n0 65 71\/14-22 55<br \/>\ngabriele.kretz@bernkastel-wittlich.de<\/p>\n<p><strong>Gudrun Weber<br \/>\n<\/strong>Fachbereich Jugend und Familie<br \/>\n0 65 71\/14-22 65<br \/>\ngudrun.weber@bernkastel-wittlich.de<\/p>\n<p><strong>Caritasverband Mosel-Eifel-Hunsr\u00fcck e. V.<br \/>\n&#8211; Gesch\u00e4ftsstelle Wittlich &#8211;<br \/>\n<\/strong><\/p>\n<p><strong>Anja Wallerius<br \/>\n<\/strong>Dipl.-Psychologin<br \/>\nKompetenzagentur Bernkastel-Wittlich<br \/>\n0 65 71\/91 55-0<br \/>\nwallerius.anja@caritas-wittlich.de<\/p>\n<p><strong>Christoph Jarosch<br \/>\n<\/strong>Dipl.-P\u00e4dagoge<br \/>\nKompetenzagentur Bernkastel-Wittlich<br \/>\n0 65 71\/91 55-0<br \/>\njarosch.christoph@caritas-wittlich.de<\/p>\n<p><strong>Renate Thesen-Dimmig<br \/>\n<\/strong>Dipl.-Sozialarbeiterin; Schwangerenberatung<br \/>\n0 65 71\/91 55-0<br \/>\nthesen-dimmig.renate@caritas-wittlich.de<\/p>\n<p><strong>Stadtteilb\u00fcro\/Jugendraum Bombogen<\/strong><\/p>\n<p><strong>Monika Schmid<br \/>\n<\/strong>Dipl.-Psychologin; Leiterin des Stadtteilb\u00fcros\/Jugendraums<br \/>\n0 65 71\/14-66 79<br \/>\njugendraum-bombogen@web.de<\/p>\n<p><strong>Anja Prelog-Ostermeier<br \/>\n<\/strong>Sozialp\u00e4dagogin B. A.<br \/>\n0 65 71\/14-66 79, jugendraum-bombogen@web.de<\/p>\n<p><strong>Palais e. V. &#8211; Trier<\/strong><\/p>\n<p><strong>Ernst Daniel R\u00f6hrig<br \/>\n<\/strong>Dipl.-P\u00e4dagoge; Schulsozialarbeiter<br \/>\nRealschule Plus in Traben-Trarbach<br \/>\n0 65 41\/81 26-76<br \/>\nernstdaniel.roehrig@palais-ev.de<\/p>\n<p><strong>Diakonie<br \/>\nEv. Jugendhilfeverbund Mittelmosel<\/strong><\/p>\n<p><strong>Adele Stolz<br \/>\n<\/strong>Dipl.-Sozialp\u00e4dagogin; FBL station\u00e4rer Gruppen<br \/>\nEvangelischer Jugendhof Martin Luther King<br \/>\n0 65 41\/70 09-0<br \/>\nstolz@ev-jugendhof-mlk.de<\/p>\n<p><strong>Diakonie<br \/>\nRhein. Gesellschaft f. innere Mission u. Hilfswerk GmbH<\/strong><\/p>\n<p><strong>Jochen-Wolf Strau\u00df<br \/>\n<\/strong>Dipl.-Psychologe<br \/>\nLeiter des Zentrums f\u00fcr lebenslanges Lernen<br \/>\nPsychologisches Institut Traben-Trarbach<br \/>\n0 65 41\/70 09-84<br \/>\nstrauss@zentrum-lebenslanges-lernen.de<\/p>\n<p><strong>Diakonisches Werk<br \/>\nEv. Kirchenkreis Trier und Simmern-Trarbach gGmbH<\/strong><\/p>\n<p><strong>Christa Meyer<br \/>\n<\/strong>Dipl. Sozialp\u00e4dagogin; Schwangerenberatung<br \/>\n0 65 71\/14-53 00<br \/>\nschwangerenberatung.wittlich@diakoniehilft.de<\/p>\n<p><strong>P\u00e4dagogisches Landesinstitut<br \/>\n<\/strong><\/p>\n<p><strong>Jochen Th\u00f6nnessen<br \/>\n<\/strong>Berater f\u00fcr Pr\u00e4vention und Gesundheitsf\u00f6rderung<br \/>\njochen.thoennessen@t-online.de<\/p>\n","protected":false},"excerpt":{"rendered":"<p>Kreisverwaltung Bernkastel-Wittlich Peter Caspers Dipl.-P\u00e4dagoge Kreisjugendpfleger 0 65 71\/14-23 89 jugend@bernkastel-wittlich.de Gabriele Kretz Gleichstellungsbeauftragte im Landkreis Bernkastel-Wittlich 0 65 71\/14-22 55 gabriele.kretz@bernkastel-wittlich.de Gudrun Weber Fachbereich Jugend und Familie 0 65 71\/14-22 65 gudrun.weber@bernkastel-wittlich.de Caritasverband Mosel-Eifel-Hunsr\u00fcck e. V. &#8211; Gesch\u00e4ftsstelle Wittlich &#8211; Anja Wallerius Dipl.-Psychologin Kompetenzagentur Bernkastel-Wittlich 0 65 71\/91 55-0 wallerius.anja@caritas-wittlich.de Christoph Jarosch Dipl.-P\u00e4dagoge Kompetenzagentur &hellip; <a href=\"https:\/\/www.christophjarosch.de\/?page_id=227\" class=\"more-link\"><span class=\"screen-reader-text\">Wer wir sind?<\/span> weiterlesen <span class=\"meta-nav\">&rarr;<\/span><\/a><\/p>\n","protected":false},"author":2,"featured_media":0,"parent":184,"menu_order":2,"comment_status":"closed","ping_status":"closed","template":"","meta":{"ngg_post_thumbnail":0,"footnotes":""},"class_list":["post-227","page","type-page","status-publish","hentry"],"_links":{"self":[{"href":"https:\/\/www.christophjarosch.de\/index.php?rest_route=\/wp\/v2\/pages\/227","targetHints":{"allow":["GET"]}}],"collection":[{"href":"https:\/\/www.christophjarosch.de\/index.php?rest_route=\/wp\/v2\/pages"}],"about":[{"href":"https:\/\/www.christophjarosch.de\/index.php?rest_route=\/wp\/v2\/types\/page"}],"author":[{"embeddable":true,"href":"https:\/\/www.christophjarosch.de\/index.php?rest_route=\/wp\/v2\/users\/2"}],"replies":[{"embeddable":true,"href":"https:\/\/www.christophjarosch.de\/index.php?rest_route=%2Fwp%2Fv2%2Fcomments&post=227"}],"version-history":[{"count":1,"href":"https:\/\/www.christophjarosch.de\/index.php?rest_route=\/wp\/v2\/pages\/227\/revisions"}],"predecessor-version":[{"id":228,"href":"https:\/\/www.christophjarosch.de\/index.php?rest_route=\/wp\/v2\/pages\/227\/revisions\/228"}],"up":[{"embeddable":true,"href":"https:\/\/www.christophjarosch.de\/index.php?rest_route=\/wp\/v2\/pages\/184"}],"wp:attachment":[{"href":"https:\/\/www.christophjarosch.de\/index.php?rest_route=%2Fwp%2Fv2%2Fmedia&parent=227"}],"curies":[{"name":"wp","href":"https:\/\/api.w.org\/{rel}","templated":true}]}}