{"id":238,"date":"2012-01-01T18:36:40","date_gmt":"2012-01-01T16:36:40","guid":{"rendered":"http:\/\/www.christophjarosch.de\/?page_id=238"},"modified":"2015-11-15T18:48:56","modified_gmt":"2015-11-15T16:48:56","slug":"was-wir-anbieten","status":"publish","type":"page","link":"https:\/\/www.christophjarosch.de\/?page_id=238","title":{"rendered":"Was wir anbieten?"},"content":{"rendered":"<h4>Seminare und Workshops<\/h4>\n<p>In diesem Bereich m\u00f6chten wir euch im Laufe der Zeit verschiedenes zu unseren Projektangeboten berichten, die voraussichtlich auch buchbar sein sollen. Verschiedene Ideen haben wir schon entwickelt und einiges davon befindet sich bereits in der Erprobungsphase.<\/p>\n<p>Wenn ihr neugierig darauf seid, k\u00f6nnt ihr gerne regelm\u00e4\u00dfig \u00fcber dieses Men\u00fc nachschlagen, was wir euch bieten. Leider m\u00fcssen wir unsere Angebote auf die Region Bernkastel-Wittlich beschr\u00e4nken, was aber nicht ausschlie\u00dft sich hier Anregungen f\u00fcr die eigene Arbeit mit Jungs zu holen.<\/p>\n<p><strong>F\u00fcr Schulen<\/strong><br \/>\nWir haben uns die Frage gestellt, wie Sie als Mitarbeitende(r) in der Schule die Arbeit mit \u201eIhren\u201c Jungs gestalten und Gelegenheiten schaffen, um Jungen bewusster zu f\u00f6rdern? Die Antwort hierzu scheint einfach: es geht nur gemeinsam! Was brauchen also Jungen f\u00fcr ihre Entwicklung? Der AK Jungenarbeit im Landkreis Bernkastel-Wittlich bietet sich an, mit Ihnen zu diesem Thema gemeinsam Ideen, Projekte, Aktionen, Konzepte zu entwickeln, f\u00fcr eine Schule, die Potenziale von Jungen besser nutzen lernt und sich mit diesem Thema konkret auseinandersetzen m\u00f6chte, um L\u00f6sungen zu finden.<\/p>\n","protected":false},"excerpt":{"rendered":"<p>Seminare und Workshops In diesem Bereich m\u00f6chten wir euch im Laufe der Zeit verschiedenes zu unseren Projektangeboten berichten, die voraussichtlich auch buchbar sein sollen. Verschiedene Ideen haben wir schon entwickelt und einiges davon befindet sich bereits in der Erprobungsphase. Wenn ihr neugierig darauf seid, k\u00f6nnt ihr gerne regelm\u00e4\u00dfig \u00fcber dieses Men\u00fc nachschlagen, was wir euch &hellip; <a href=\"https:\/\/www.christophjarosch.de\/?page_id=238\" class=\"more-link\"><span class=\"screen-reader-text\">Was wir anbieten?<\/span> weiterlesen <span class=\"meta-nav\">&rarr;<\/span><\/a><\/p>\n","protected":false},"author":2,"featured_media":0,"parent":184,"menu_order":3,"comment_status":"closed","ping_status":"closed","template":"","meta":{"ngg_post_thumbnail":0,"footnotes":""},"class_list":["post-238","page","type-page","status-publish","hentry"],"_links":{"self":[{"href":"https:\/\/www.christophjarosch.de\/index.php?rest_route=\/wp\/v2\/pages\/238","targetHints":{"allow":["GET"]}}],"collection":[{"href":"https:\/\/www.christophjarosch.de\/index.php?rest_route=\/wp\/v2\/pages"}],"about":[{"href":"https:\/\/www.christophjarosch.de\/index.php?rest_route=\/wp\/v2\/types\/page"}],"author":[{"embeddable":true,"href":"https:\/\/www.christophjarosch.de\/index.php?rest_route=\/wp\/v2\/users\/2"}],"replies":[{"embeddable":true,"href":"https:\/\/www.christophjarosch.de\/index.php?rest_route=%2Fwp%2Fv2%2Fcomments&post=238"}],"version-history":[{"count":2,"href":"https:\/\/www.christophjarosch.de\/index.php?rest_route=\/wp\/v2\/pages\/238\/revisions"}],"predecessor-version":[{"id":243,"href":"https:\/\/www.christophjarosch.de\/index.php?rest_route=\/wp\/v2\/pages\/238\/revisions\/243"}],"up":[{"embeddable":true,"href":"https:\/\/www.christophjarosch.de\/index.php?rest_route=\/wp\/v2\/pages\/184"}],"wp:attachment":[{"href":"https:\/\/www.christophjarosch.de\/index.php?rest_route=%2Fwp%2Fv2%2Fmedia&parent=238"}],"curies":[{"name":"wp","href":"https:\/\/api.w.org\/{rel}","templated":true}]}}